{"id":3,"date":"2023-03-13T22:29:32","date_gmt":"2023-03-13T22:29:32","guid":{"rendered":"https:\/\/cosmepharm.ca\/?page_id=3"},"modified":"2023-03-17T10:20:36","modified_gmt":"2023-03-17T10:20:36","slug":"promotion-terms-conditions","status":"publish","type":"page","link":"https:\/\/cosmepharm.ca\/fr\/promotion-terms-conditions\/","title":{"rendered":"Promotion Terms &#038; Conditions"},"content":{"rendered":"<div data-elementor-type=\"wp-page\" data-elementor-id=\"3\" class=\"elementor elementor-3\">\n\t\t\t\t\t\t\t\t\t<section class=\"elementor-section elementor-top-section elementor-element elementor-element-6ca602a elementor-section-boxed elementor-section-height-default elementor-section-height-default\" data-id=\"6ca602a\" data-element_type=\"section\" data-settings=\"{&quot;background_background&quot;:&quot;classic&quot;}\">\n\t\t\t\t\t\t<div class=\"elementor-container elementor-column-gap-default\">\n\t\t\t\t\t<div class=\"elementor-column elementor-col-100 elementor-top-column elementor-element elementor-element-8026298\" data-id=\"8026298\" data-element_type=\"column\">\n\t\t\t<div class=\"elementor-widget-wrap elementor-element-populated\">\n\t\t\t\t\t\t\t\t<section class=\"elementor-section elementor-inner-section elementor-element elementor-element-a0f31e9 elementor-section-boxed elementor-section-height-default elementor-section-height-default\" data-id=\"a0f31e9\" data-element_type=\"section\">\n\t\t\t\t\t\t<div class=\"elementor-container elementor-column-gap-default\">\n\t\t\t\t\t<div class=\"elementor-column elementor-col-100 elementor-inner-column elementor-element elementor-element-709dfea\" data-id=\"709dfea\" data-element_type=\"column\">\n\t\t\t<div class=\"elementor-widget-wrap elementor-element-populated\">\n\t\t\t\t\t\t\t\t<div class=\"elementor-element elementor-element-4142292 elementor-widget elementor-widget-heading\" data-id=\"4142292\" data-element_type=\"widget\" data-widget_type=\"heading.default\">\n\t\t\t\t<div class=\"elementor-widget-container\">\n\t\t\t<style>\/*! elementor - v3.11.5 - 14-03-2023 *\/\n.elementor-heading-title{padding:0;margin:0;line-height:1}.elementor-widget-heading .elementor-heading-title[class*=elementor-size-]>a{color:inherit;font-size:inherit;line-height:inherit}.elementor-widget-heading .elementor-heading-title.elementor-size-small{font-size:15px}.elementor-widget-heading .elementor-heading-title.elementor-size-medium{font-size:19px}.elementor-widget-heading .elementor-heading-title.elementor-size-large{font-size:29px}.elementor-widget-heading .elementor-heading-title.elementor-size-xl{font-size:39px}.elementor-widget-heading .elementor-heading-title.elementor-size-xxl{font-size:59px}<\/style><h1 class=\"elementor-heading-title elementor-size-default\">Promotion Terms &#038; Conditions<\/h1>\t\t<\/div>\n\t\t\t\t<\/div>\n\t\t\t\t\t<\/div>\n\t\t<\/div>\n\t\t\t\t\t\t\t<\/div>\n\t\t<\/section>\n\t\t\t\t<section class=\"elementor-section elementor-inner-section elementor-element elementor-element-d0caedc elementor-section-boxed elementor-section-height-default elementor-section-height-default\" data-id=\"d0caedc\" data-element_type=\"section\">\n\t\t\t\t\t\t<div class=\"elementor-container elementor-column-gap-default\">\n\t\t\t\t\t<div class=\"elementor-column elementor-col-100 elementor-inner-column elementor-element elementor-element-8253162\" data-id=\"8253162\" data-element_type=\"column\">\n\t\t\t<div class=\"elementor-widget-wrap elementor-element-populated\">\n\t\t\t\t\t\t\t\t<div class=\"elementor-element elementor-element-0c7e6ab elementor-widget elementor-widget-text-editor\" data-id=\"0c7e6ab\" data-element_type=\"widget\" data-widget_type=\"text-editor.default\">\n\t\t\t\t<div class=\"elementor-widget-container\">\n\t\t\t<style>\/*! elementor - v3.11.5 - 14-03-2023 *\/\n.elementor-widget-text-editor.elementor-drop-cap-view-stacked .elementor-drop-cap{background-color:#818a91;color:#fff}.elementor-widget-text-editor.elementor-drop-cap-view-framed .elementor-drop-cap{color:#818a91;border:3px solid;background-color:transparent}.elementor-widget-text-editor:not(.elementor-drop-cap-view-default) .elementor-drop-cap{margin-top:8px}.elementor-widget-text-editor:not(.elementor-drop-cap-view-default) .elementor-drop-cap-letter{width:1em;height:1em}.elementor-widget-text-editor .elementor-drop-cap{float:left;text-align:center;line-height:1;font-size:50px}.elementor-widget-text-editor .elementor-drop-cap-letter{display:inline-block}<\/style>\t\t\t\t<p>Lorem Ipsum est simplement un faux texte de l&#039;industrie de l&#039;impression et de la composition. Le Lorem Ipsum est le texte factice standard de l&#039;industrie depuis les ann\u00e9es 1500, lorsqu&#039;un imprimeur inconnu a pris une gal\u00e8re de caract\u00e8res et l&#039;a brouill\u00e9 pour en faire un livre de sp\u00e9cimens de caract\u00e8res.<\/p><p>Il a surv\u00e9cu non seulement \u00e0 cinq si\u00e8cles, mais aussi au saut dans la composition \u00e9lectronique, restant essentiellement inchang\u00e9. Il a surv\u00e9cu non seulement \u00e0 cinq si\u00e8cles, mais aussi au saut dans la composition \u00e9lectronique, restant essentiellement inchang\u00e9. Lorem Ipsum est simplement un faux texte de l&#039;industrie de l&#039;impression et de la composition. Le Lorem Ipsum est le texte factice standard de l&#039;industrie depuis les ann\u00e9es 1500, lorsqu&#039;un imprimeur inconnu a pris une gal\u00e8re de caract\u00e8res et l&#039;a brouill\u00e9 pour en faire un livre de sp\u00e9cimens de caract\u00e8res.<\/p><p>Il a surv\u00e9cu non seulement \u00e0 cinq si\u00e8cles, mais aussi au saut dans la composition \u00e9lectronique, restant essentiellement inchang\u00e9. Il a surv\u00e9cu non seulement \u00e0 cinq si\u00e8cles, mais aussi au saut dans la composition \u00e9lectronique, restant essentiellement inchang\u00e9.<\/p><p>Il a surv\u00e9cu non seulement \u00e0 cinq si\u00e8cles, mais aussi au saut dans la composition \u00e9lectronique, restant essentiellement inchang\u00e9. Il a surv\u00e9cu non seulement \u00e0 cinq si\u00e8cles, mais aussi au saut dans la composition \u00e9lectronique, restant essentiellement inchang\u00e9. Il a surv\u00e9cu non seulement \u00e0 cinq si\u00e8cles, mais aussi au saut dans la composition \u00e9lectronique, restant essentiellement inchang\u00e9.<\/p>\t\t\t\t\t\t<\/div>\n\t\t\t\t<\/div>\n\t\t\t\t\t<\/div>\n\t\t<\/div>\n\t\t\t\t\t\t\t<\/div>\n\t\t<\/section>\n\t\t\t\t\t<\/div>\n\t\t<\/div>\n\t\t\t\t\t\t\t<\/div>\n\t\t<\/section>\n\t\t\t\t\t\t\t<\/div>","protected":false},"excerpt":{"rendered":"<p>Lorem Ipsum is simply dummy text of the printing and typesetting industry. Lorem Ipsum has been the industry&#8217;s standard dummy text ever since the 1500s, when an unknown printer took a galley of type and scrambled it to make a type specimen book. It has survived not only five centuries, but also the leap into [&hellip;]<\/p>","protected":false},"author":1,"featured_media":0,"parent":0,"menu_order":0,"comment_status":"closed","ping_status":"closed","template":"elementor_header_footer","meta":{"footnotes":""},"class_list":["post-3","page","type-page","status-publish","hentry"],"_links":{"self":[{"href":"https:\/\/cosmepharm.ca\/fr\/wp-json\/wp\/v2\/pages\/3","targetHints":{"allow":["GET"]}}],"collection":[{"href":"https:\/\/cosmepharm.ca\/fr\/wp-json\/wp\/v2\/pages"}],"about":[{"href":"https:\/\/cosmepharm.ca\/fr\/wp-json\/wp\/v2\/types\/page"}],"author":[{"embeddable":true,"href":"https:\/\/cosmepharm.ca\/fr\/wp-json\/wp\/v2\/users\/1"}],"replies":[{"embeddable":true,"href":"https:\/\/cosmepharm.ca\/fr\/wp-json\/wp\/v2\/comments?post=3"}],"version-history":[{"count":0,"href":"https:\/\/cosmepharm.ca\/fr\/wp-json\/wp\/v2\/pages\/3\/revisions"}],"wp:attachment":[{"href":"https:\/\/cosmepharm.ca\/fr\/wp-json\/wp\/v2\/media?parent=3"}],"curies":[{"name":"wp","href":"https:\/\/api.w.org\/{rel}","templated":true}]}}