{"id":555,"date":"2023-03-17T09:43:59","date_gmt":"2023-03-17T09:43:59","guid":{"rendered":"https:\/\/cosmepharm.ca\/?page_id=555"},"modified":"2023-04-24T13:40:19","modified_gmt":"2023-04-24T17:40:19","slug":"shipping-policy","status":"publish","type":"page","link":"https:\/\/cosmepharm.ca\/fr\/shipping-policy\/","title":{"rendered":"Politique d&#039;exp\u00e9dition"},"content":{"rendered":"<div data-elementor-type=\"wp-page\" data-elementor-id=\"555\" class=\"elementor elementor-555\">\n\t\t\t\t\t\t\t\t\t<section class=\"elementor-section elementor-top-section elementor-element elementor-element-f5c985c elementor-section-boxed elementor-section-height-default elementor-section-height-default\" data-id=\"f5c985c\" data-element_type=\"section\" data-settings=\"{&quot;background_background&quot;:&quot;classic&quot;}\">\n\t\t\t\t\t\t<div class=\"elementor-container elementor-column-gap-default\">\n\t\t\t\t\t<div class=\"elementor-column elementor-col-100 elementor-top-column elementor-element elementor-element-e948c70\" data-id=\"e948c70\" data-element_type=\"column\">\n\t\t\t<div class=\"elementor-widget-wrap elementor-element-populated\">\n\t\t\t\t\t\t\t\t<section class=\"elementor-section elementor-inner-section elementor-element elementor-element-06159c3 elementor-section-boxed elementor-section-height-default elementor-section-height-default\" data-id=\"06159c3\" data-element_type=\"section\">\n\t\t\t\t\t\t<div class=\"elementor-container elementor-column-gap-default\">\n\t\t\t\t\t<div class=\"elementor-column elementor-col-100 elementor-inner-column elementor-element elementor-element-04718dd\" data-id=\"04718dd\" data-element_type=\"column\">\n\t\t\t<div class=\"elementor-widget-wrap elementor-element-populated\">\n\t\t\t\t\t\t\t\t<div class=\"elementor-element elementor-element-5f2c24b elementor-widget elementor-widget-heading\" data-id=\"5f2c24b\" data-element_type=\"widget\" data-widget_type=\"heading.default\">\n\t\t\t\t<div class=\"elementor-widget-container\">\n\t\t\t<style>\/*! elementor - v3.11.5 - 14-03-2023 *\/\n.elementor-heading-title{padding:0;margin:0;line-height:1}.elementor-widget-heading .elementor-heading-title[class*=elementor-size-]>a{color:inherit;font-size:inherit;line-height:inherit}.elementor-widget-heading .elementor-heading-title.elementor-size-small{font-size:15px}.elementor-widget-heading .elementor-heading-title.elementor-size-medium{font-size:19px}.elementor-widget-heading .elementor-heading-title.elementor-size-large{font-size:29px}.elementor-widget-heading .elementor-heading-title.elementor-size-xl{font-size:39px}.elementor-widget-heading .elementor-heading-title.elementor-size-xxl{font-size:59px}<\/style><h1 class=\"elementor-heading-title elementor-size-default\">Politique d&#039;exp\u00e9dition<\/h1>\t\t<\/div>\n\t\t\t\t<\/div>\n\t\t\t\t\t<\/div>\n\t\t<\/div>\n\t\t\t\t\t\t\t<\/div>\n\t\t<\/section>\n\t\t\t\t<section class=\"elementor-section elementor-inner-section elementor-element elementor-element-51dde01 elementor-section-boxed elementor-section-height-default elementor-section-height-default\" data-id=\"51dde01\" data-element_type=\"section\">\n\t\t\t\t\t\t<div class=\"elementor-container elementor-column-gap-default\">\n\t\t\t\t\t<div class=\"elementor-column elementor-col-100 elementor-inner-column elementor-element elementor-element-dbffdfa\" data-id=\"dbffdfa\" data-element_type=\"column\">\n\t\t\t<div class=\"elementor-widget-wrap elementor-element-populated\">\n\t\t\t\t\t\t\t\t<div class=\"elementor-element elementor-element-eea09e9 elementor-widget elementor-widget-heading\" data-id=\"eea09e9\" data-element_type=\"widget\" data-widget_type=\"heading.default\">\n\t\t\t\t<div class=\"elementor-widget-container\">\n\t\t\t<h2 class=\"elementor-heading-title elementor-size-default\">INFORMATIONS G\u00c9N\u00c9RALES<\/h2>\t\t<\/div>\n\t\t\t\t<\/div>\n\t\t\t\t<div class=\"elementor-element elementor-element-73c89ff elementor-widget elementor-widget-text-editor\" data-id=\"73c89ff\" data-element_type=\"widget\" data-widget_type=\"text-editor.default\">\n\t\t\t\t<div class=\"elementor-widget-container\">\n\t\t\t<style>\/*! elementor - v3.11.5 - 14-03-2023 *\/\n.elementor-widget-text-editor.elementor-drop-cap-view-stacked .elementor-drop-cap{background-color:#818a91;color:#fff}.elementor-widget-text-editor.elementor-drop-cap-view-framed .elementor-drop-cap{color:#818a91;border:3px solid;background-color:transparent}.elementor-widget-text-editor:not(.elementor-drop-cap-view-default) .elementor-drop-cap{margin-top:8px}.elementor-widget-text-editor:not(.elementor-drop-cap-view-default) .elementor-drop-cap-letter{width:1em;height:1em}.elementor-widget-text-editor .elementor-drop-cap{float:left;text-align:center;line-height:1;font-size:50px}.elementor-widget-text-editor .elementor-drop-cap-letter{display:inline-block}<\/style>\t\t\t\t<p>Toutes les commandes sont assujetties \u00e0 la disponibilit\u00e9 des produits. Si l\u2019article demand\u00e9 est provisoirement \u00e9puis\u00e9 \u00e0 la date de votre commande, nous vous en aviserons et vous informerons du moment o\u00f9 nous pourrons vous le livrer ou, encore, nous vous rembourserons le montant total de votre commande, selon la m\u00e9thode de paiement originale.<\/p>\t\t\t\t\t\t<\/div>\n\t\t\t\t<\/div>\n\t\t\t\t<div class=\"elementor-element elementor-element-953339a elementor-widget elementor-widget-heading\" data-id=\"953339a\" data-element_type=\"widget\" data-widget_type=\"heading.default\">\n\t\t\t\t<div class=\"elementor-widget-container\">\n\t\t\t<h2 class=\"elementor-heading-title elementor-size-default\">LIEU DE LIVRAISON<\/h2>\t\t<\/div>\n\t\t\t\t<\/div>\n\t\t\t\t<div class=\"elementor-element elementor-element-8d40efd elementor-widget elementor-widget-text-editor\" data-id=\"8d40efd\" data-element_type=\"widget\" data-widget_type=\"text-editor.default\">\n\t\t\t\t<div class=\"elementor-widget-container\">\n\t\t\t\t\t\t\t<p>Les articles offerts sur notre boutique en ligne peuvent \u00eatre livr\u00e9s partout au Canada et aux \u00c9tats-Unis (avec des frais suppl\u00e9mentaires).\u00a0<\/p><p>Pour toute commande outre-mer veuillez communiquer avec nous par mail.\u00a0<\/p>\t\t\t\t\t\t<\/div>\n\t\t\t\t<\/div>\n\t\t\t\t<div class=\"elementor-element elementor-element-c54d43c elementor-widget elementor-widget-heading\" data-id=\"c54d43c\" data-element_type=\"widget\" data-widget_type=\"heading.default\">\n\t\t\t\t<div class=\"elementor-widget-container\">\n\t\t\t<h2 class=\"elementor-heading-title elementor-size-default\">D\u00c9LAI DE LIVRAISON<\/h2>\t\t<\/div>\n\t\t\t\t<\/div>\n\t\t\t\t<div class=\"elementor-element elementor-element-2659332 elementor-widget elementor-widget-text-editor\" data-id=\"2659332\" data-element_type=\"widget\" data-widget_type=\"text-editor.default\">\n\t\t\t\t<div class=\"elementor-widget-container\">\n\t\t\t\t\t\t\t<p>Sauf si des circonstances exceptionnelles nous en emp\u00eachent, nous prenons toutes les mesures pour ex\u00e9cuter votre commande dans un d\u00e9lai de 3-5 jours ouvrables suivant la date de votre commande. Les jours ouvrables sont du lundi au vendredi. Veuillez prendre note que nous ne faisons pas d\u2019envois les samedis et les dimanches.\u00a0<\/p><p>La livraison des commandes internationales peut prendre un d\u00e9lai pouvant avoisiner quarante-cinq (45) jours. Il faut aussi pr\u00e9voir des d\u00e9lais dans le traitement des commandes pendant les p\u00e9riodes de f\u00eates ou d\u2019\u00e9v\u00e9nements sp\u00e9ciaux.\u00a0<\/p><p>La date de livraison peut varier en fonction de facteurs tels les pratiques de livraison du transporteur, le lieu de livraison, le mode de livraison et les articles command\u00e9s.\u00a0<\/p><p>Nous exp\u00e9dions avec le service de Postes Canada pour les commandes locales et internationales.<\/p>\t\t\t\t\t\t<\/div>\n\t\t\t\t<\/div>\n\t\t\t\t<div class=\"elementor-element elementor-element-296be68 elementor-widget elementor-widget-heading\" data-id=\"296be68\" data-element_type=\"widget\" data-widget_type=\"heading.default\">\n\t\t\t\t<div class=\"elementor-widget-container\">\n\t\t\t<h2 class=\"elementor-heading-title elementor-size-default\">LES FRAIS DE LIVRAISON<\/h2>\t\t<\/div>\n\t\t\t\t<\/div>\n\t\t\t\t<div class=\"elementor-element elementor-element-093c637 elementor-widget elementor-widget-text-editor\" data-id=\"093c637\" data-element_type=\"widget\" data-widget_type=\"text-editor.default\">\n\t\t\t\t<div class=\"elementor-widget-container\">\n\t\t\t\t\t\t\t<p>For Canada, a flat shipping fee of $20 will be applied to all orders under $150. All orders over $150 (before taxes and shipping) will receive standard shipping at no charge.\u00a0<\/p><p>Pour les livraisons \u00e0 l\u2019internationale, les frais standards s\u2019appliqueront.<\/p><p>Pour demander un mode de livraison sup\u00e9rieur, veuillez communiquez avec nous pour conna\u00eetre les frais connexes.<\/p>\t\t\t\t\t\t<\/div>\n\t\t\t\t<\/div>\n\t\t\t\t<div class=\"elementor-element elementor-element-248342a elementor-widget elementor-widget-heading\" data-id=\"248342a\" data-element_type=\"widget\" data-widget_type=\"heading.default\">\n\t\t\t\t<div class=\"elementor-widget-container\">\n\t\t\t<h2 class=\"elementor-heading-title elementor-size-default\">ARTICLES ENDOMMAG\u00c9S DURANT LE TRANSPORT<\/h2>\t\t<\/div>\n\t\t\t\t<\/div>\n\t\t\t\t<div class=\"elementor-element elementor-element-f1101b2 elementor-widget elementor-widget-text-editor\" data-id=\"f1101b2\" data-element_type=\"widget\" data-widget_type=\"text-editor.default\">\n\t\t\t\t<div class=\"elementor-widget-container\">\n\t\t\t\t\t\t\t<p>Vous devrez nous aviser de tout article endommag\u00e9 durant le transport dans les 24 heures suivant sa r\u00e9ception. Si la bo\u00eete est endommag\u00e9e en cours de trajet, l\u2019article re\u00e7u doit \u00eatre refus\u00e9.<\/p>\t\t\t\t\t\t<\/div>\n\t\t\t\t<\/div>\n\t\t\t\t\t<\/div>\n\t\t<\/div>\n\t\t\t\t\t\t\t<\/div>\n\t\t<\/section>\n\t\t\t\t\t<\/div>\n\t\t<\/div>\n\t\t\t\t\t\t\t<\/div>\n\t\t<\/section>\n\t\t\t\t\t\t\t<\/div>","protected":false},"excerpt":{"rendered":"<p>GENERAL INFORMATION All orders are subject to product availability. If the requested item is temporarily out of stock at the time of your order, we will notify you and inform you when we can deliver it or refund the full amount of your order, depending on the original method of payment. PLACE OF DELIVERY The [&hellip;]<\/p>","protected":false},"author":1,"featured_media":0,"parent":0,"menu_order":0,"comment_status":"closed","ping_status":"closed","template":"elementor_header_footer","meta":{"footnotes":""},"class_list":["post-555","page","type-page","status-publish","hentry"],"_links":{"self":[{"href":"https:\/\/cosmepharm.ca\/fr\/wp-json\/wp\/v2\/pages\/555","targetHints":{"allow":["GET"]}}],"collection":[{"href":"https:\/\/cosmepharm.ca\/fr\/wp-json\/wp\/v2\/pages"}],"about":[{"href":"https:\/\/cosmepharm.ca\/fr\/wp-json\/wp\/v2\/types\/page"}],"author":[{"embeddable":true,"href":"https:\/\/cosmepharm.ca\/fr\/wp-json\/wp\/v2\/users\/1"}],"replies":[{"embeddable":true,"href":"https:\/\/cosmepharm.ca\/fr\/wp-json\/wp\/v2\/comments?post=555"}],"version-history":[{"count":6,"href":"https:\/\/cosmepharm.ca\/fr\/wp-json\/wp\/v2\/pages\/555\/revisions"}],"predecessor-version":[{"id":1294,"href":"https:\/\/cosmepharm.ca\/fr\/wp-json\/wp\/v2\/pages\/555\/revisions\/1294"}],"wp:attachment":[{"href":"https:\/\/cosmepharm.ca\/fr\/wp-json\/wp\/v2\/media?parent=555"}],"curies":[{"name":"wp","href":"https:\/\/api.w.org\/{rel}","templated":true}]}}