{"id":103,"date":"2023-03-14T09:32:16","date_gmt":"2023-03-14T09:32:16","guid":{"rendered":"https:\/\/cosmepharm.ca\/?post_type=product&#038;p=103"},"modified":"2024-03-26T14:40:35","modified_gmt":"2024-03-26T18:40:35","slug":"serum","status":"publish","type":"product","link":"https:\/\/cosmepharm.ca\/fr\/produit\/serum\/","title":{"rendered":"Serum Reparateur"},"content":{"rendered":"<div data-elementor-type=\"product-post\" data-elementor-id=\"103\" class=\"elementor elementor-103\">\n\t\t\t\t\t\t\t\t\t<section class=\"elementor-section elementor-top-section elementor-element elementor-element-32fa4fcf elementor-section-boxed elementor-section-height-default elementor-section-height-default\" data-id=\"32fa4fcf\" data-element_type=\"section\">\n\t\t\t\t\t\t<div class=\"elementor-container elementor-column-gap-default\">\n\t\t\t\t\t<div class=\"elementor-column elementor-col-100 elementor-top-column elementor-element elementor-element-41b4e6db\" data-id=\"41b4e6db\" data-element_type=\"column\">\n\t\t\t<div class=\"elementor-widget-wrap elementor-element-populated\">\n\t\t\t\t\t\t\t\t<div class=\"elementor-element elementor-element-731c3812 elementor-widget elementor-widget-text-editor\" data-id=\"731c3812\" data-element_type=\"widget\" data-widget_type=\"text-editor.default\">\n\t\t\t\t<div class=\"elementor-widget-container\">\n\t\t\t<style>\/*! elementor - v3.11.5 - 14-03-2023 *\/\n.elementor-widget-text-editor.elementor-drop-cap-view-stacked .elementor-drop-cap{background-color:#818a91;color:#fff}.elementor-widget-text-editor.elementor-drop-cap-view-framed .elementor-drop-cap{color:#818a91;border:3px solid;background-color:transparent}.elementor-widget-text-editor:not(.elementor-drop-cap-view-default) .elementor-drop-cap{margin-top:8px}.elementor-widget-text-editor:not(.elementor-drop-cap-view-default) .elementor-drop-cap-letter{width:1em;height:1em}.elementor-widget-text-editor .elementor-drop-cap{float:left;text-align:center;line-height:1;font-size:50px}.elementor-widget-text-editor .elementor-drop-cap-letter{display:inline-block}<\/style>\t\t\t\t<p>Serum Repair est un gel cr\u00e9meux fin formul\u00e9 pour soulager le stress environnemental sur la peau.<\/p>\n<p>La peau est rajeunie, adoucie et profond\u00e9ment hydrat\u00e9e gr\u00e2ce au \u00abcomplexe Radiant Skin\u00bb, notre m\u00e9lange exclusif.<\/p>\n<p>Pendant que vous dormez, &quot;Serum repair&quot; favorise en douceur la formation de collag\u00e8ne, aide \u00e0 r\u00e9duire l&#039;apparence des rides, des ridules, ainsi que d&#039;autres effets du vieillissement.<\/p>\n<p>Le s\u00e9rum r\u00e9parateur aide \u00e9galement \u00e0 am\u00e9liorer l\u2019\u00e9lasticit\u00e9 et la fermet\u00e9 de la peau, favorise un teint radieux, une mine \u00e9clatante, et unifie le teint.<\/p>\n<p style=\"color: #3c4b71; background-color: #f7fafb;\"><span style=\"font-weight: bolder; color: #434343; background-color: #ffffff;\">Ingr\u00e9dients<\/span><span style=\"color: #434343; background-color: #ffffff;\">:<\/span><\/p>\n<p>Aqua(Water)(eau), Isopropyl Myristate, Prunus Amygdalus Dulcis (Sweet Almond) Oil, Polysorbate-80, Glycerin, Butylene Glycol, Palmitoyl Tripetide-1, Palmitoyl Tetrapeptide-7, Carbomer, Polysorbate 20, Sodium Hyaluronate, Hydrolyzed Collagen (Marine), Isopropyl Isostearate, Cetyl Esters, Kojic dipalmitate, Sorbitan Oleate, Alpha-arbutin, Niacinamide, Aloe Barbadensis (Aloe Vera) Leaf Juice, Ascorbyl Glucoside, Tocopherol, Glycine soja (Soybean) Oil, Methyl Undecenoyl leucinate, Diisopropyl Adipate, Hydroxyethylcellulose, Xanthan Gum, Benzyl Alcohol, Ethylhexylglycerin, Sodium Hydroxide, Disodium EDTA.<\/p>\n<ul>\n<li>Sans parab\u00e8nes, sans phtalates<\/li>\n<li>Sans huile min\u00e9rale<\/li>\n<li>Pas de colorants artificiels<\/li>\n<\/ul>\n<div>&nbsp;<\/div>\n<p><strong>Conseils d'utilisations<\/strong>:<\/p>\n<p>Appliquer le soir sur un visage bien nettoy\u00e9. Pour de meilleurs r\u00e9sultats, utilisez conjointement avec notre cr\u00e8me pour le visage de ''Radiant Skin''.<\/p>\n<p><strong>Avertissements<\/strong>:<\/p>\n<p>Pour usage externe uniquement. Si le produit entre en contact avec les yeux, rincer abondamment \u00e0 l\u2019eau.<\/p>\n<p><\/p>\t\t\t\t\t\t<\/div>\n\t\t\t\t<\/div>\n\t\t\t\t\t<\/div>\n\t\t<\/div>\n\t\t\t\t\t\t\t<\/div>\n\t\t<\/section>\n\t\t\t\t\t\t\t<\/div>","protected":false},"excerpt":{"rendered":"<p>Le s\u00e9rum r\u00e9parateur est un gel l\u00e9ger et cr\u00e9meux, formul\u00e9 pour soulager la peau expos\u00e9e au stress environnemental.<\/p>\n<p>La peau est rajeunie, adoucie et hydrat\u00e9e en profondeur, gr\u00e2ce \u00e0 notre m\u00e9lange d\u2019ingr\u00e9dients exclusifs.<\/p>\n<p>Durant le sommeil, le ''s\u00e9rum r\u00e9parateur'' favorise la formation du collag\u00e8ne, aide \u00e0 diminuer l\u2019apparence des rides, des ridules, et des autres effets du vieillissement.<\/p>\n<p>Le s\u00e9rum r\u00e9parateur aide \u00e9galement \u00e0 am\u00e9liorer l\u2019\u00e9lasticit\u00e9 et la fermet\u00e9 de la peau, favorise un teint radieux, une mine \u00e9clatante, et unifie le teint.<\/p>","protected":false},"featured_media":341,"comment_status":"open","ping_status":"closed","template":"","meta":[],"product_brand":[],"product_cat":[29,19],"product_tag":[34],"class_list":{"0":"post-103","1":"product","2":"type-product","3":"status-publish","4":"has-post-thumbnail","6":"product_cat-cosmepharm-special","7":"product_cat-serum","8":"product_tag-serum","10":"first","11":"instock","12":"taxable","13":"shipping-taxable","14":"purchasable","15":"product-type-simple"},"_links":{"self":[{"href":"https:\/\/cosmepharm.ca\/fr\/wp-json\/wp\/v2\/product\/103","targetHints":{"allow":["GET"]}}],"collection":[{"href":"https:\/\/cosmepharm.ca\/fr\/wp-json\/wp\/v2\/product"}],"about":[{"href":"https:\/\/cosmepharm.ca\/fr\/wp-json\/wp\/v2\/types\/product"}],"replies":[{"embeddable":true,"href":"https:\/\/cosmepharm.ca\/fr\/wp-json\/wp\/v2\/comments?post=103"}],"version-history":[{"count":1,"href":"https:\/\/cosmepharm.ca\/fr\/wp-json\/wp\/v2\/product\/103\/revisions"}],"predecessor-version":[{"id":1263,"href":"https:\/\/cosmepharm.ca\/fr\/wp-json\/wp\/v2\/product\/103\/revisions\/1263"}],"wp:featuredmedia":[{"embeddable":true,"href":"https:\/\/cosmepharm.ca\/fr\/wp-json\/wp\/v2\/media\/341"}],"wp:attachment":[{"href":"https:\/\/cosmepharm.ca\/fr\/wp-json\/wp\/v2\/media?parent=103"}],"wp:term":[{"taxonomy":"product_brand","embeddable":true,"href":"https:\/\/cosmepharm.ca\/fr\/wp-json\/wp\/v2\/product_brand?post=103"},{"taxonomy":"product_cat","embeddable":true,"href":"https:\/\/cosmepharm.ca\/fr\/wp-json\/wp\/v2\/product_cat?post=103"},{"taxonomy":"product_tag","embeddable":true,"href":"https:\/\/cosmepharm.ca\/fr\/wp-json\/wp\/v2\/product_tag?post=103"}],"curies":[{"name":"wp","href":"https:\/\/api.w.org\/{rel}","templated":true}]}}