{"id":105,"date":"2023-02-14T09:32:30","date_gmt":"2023-02-14T09:32:30","guid":{"rendered":"https:\/\/cosmepharm.ca\/?post_type=product&#038;p=105"},"modified":"2024-04-24T12:14:06","modified_gmt":"2024-04-24T16:14:06","slug":"body-lotion","status":"publish","type":"product","link":"https:\/\/cosmepharm.ca\/fr\/produit\/body-lotion\/","title":{"rendered":"Lotion corporelle illuminatrice"},"content":{"rendered":"<div data-elementor-type=\"product-post\" data-elementor-id=\"105\" class=\"elementor elementor-105\">\n\t\t\t\t\t\t\t\t\t<section class=\"elementor-section elementor-top-section elementor-element elementor-element-3c0cc81d elementor-section-boxed elementor-section-height-default elementor-section-height-default\" data-id=\"3c0cc81d\" data-element_type=\"section\">\n\t\t\t\t\t\t<div class=\"elementor-container elementor-column-gap-default\">\n\t\t\t\t\t<div class=\"elementor-column elementor-col-100 elementor-top-column elementor-element elementor-element-2f47ee45\" data-id=\"2f47ee45\" data-element_type=\"column\">\n\t\t\t<div class=\"elementor-widget-wrap elementor-element-populated\">\n\t\t\t\t\t\t\t\t<div class=\"elementor-element elementor-element-4fcd2e9a elementor-widget elementor-widget-text-editor\" data-id=\"4fcd2e9a\" data-element_type=\"widget\" data-widget_type=\"text-editor.default\">\n\t\t\t\t<div class=\"elementor-widget-container\">\n\t\t\t<style>\/*! elementor - v3.11.5 - 14-03-2023 *\/\n.elementor-widget-text-editor.elementor-drop-cap-view-stacked .elementor-drop-cap{background-color:#818a91;color:#fff}.elementor-widget-text-editor.elementor-drop-cap-view-framed .elementor-drop-cap{color:#818a91;border:3px solid;background-color:transparent}.elementor-widget-text-editor:not(.elementor-drop-cap-view-default) .elementor-drop-cap{margin-top:8px}.elementor-widget-text-editor:not(.elementor-drop-cap-view-default) .elementor-drop-cap-letter{width:1em;height:1em}.elementor-widget-text-editor .elementor-drop-cap{float:left;text-align:center;line-height:1;font-size:50px}.elementor-widget-text-editor .elementor-drop-cap-letter{display:inline-block}<\/style>\t\t\t\t<p>La lotion corporelle illuminatrice de \u2018\u2019Radiant skin\u2019\u2019 est id\u00e9ale pour prendre soin de votre peau, et la prot\u00e9ger contre les agressions au quotidien. Cette lotion corporelle sera votre meilleure alli\u00e9e.\nNotre formule exclusive contenant \u2018\u2019le Radiant Skin Complex\u2019\u2019 favorise un teint radieux, une mine \u00e9clatante, et unifie le teint.<\/p>\n<p>Le beurre de karit\u00e9, le beurre de cacao, la farine d\u2019avoine, ainsi que le sodium hyaluronate am\u00e9liorent l\u2019hydratation de la peau, soulagent et adoucissent la peau s\u00e8che, pr\u00e9viennent des dommages qui peuvent \u00eatre caus\u00e9s par la s\u00e9cheresse cutan\u00e9e, pr\u00e9vient l\u2019apparition des vergetures, et fournissent une couche protectrice sur la peau.<\/p>\n<p><strong>Ingr\u00e9dients<\/strong>:<\/p>\n<p>Aqua(Water)(eau), Cetearyl Alcohol, Cetearyl Glucoside, Caprylic\/Capric Triglyceride, Butyrospermum Parkii (Shea) Butter, Glycerin, Coco-Caprylate\/Caprate, Glyceryl Stearate, PEG-100 Stearate, Petrolatum, Isopropyl Palmitate, Kojic dipalmitate, Theobroma Cacao (Cocoa) Seed Butter, Diisopropyl Adipate, Dimethicone, Sodium Hyaluronate, Avena Sativa Kernel Flour, Tocopherol, Glycine soja (Soybean) Oil, Methyl Undecenoyl leucinate, Magnesium Aluminum Silicate, Disodium EDTA, Benzyl Alcohol, Ethylhexylglycerin, Parfum\/Fragrance, Sodium Hydroxide.<\/p>\n<ul>\n<li>Sans parab\u00e8nes<\/li>\n<li>Sans huile min\u00e9rale<\/li>\n<li>Pas de colorants artificiels<\/li>\n<\/ul><div><br><\/div>\n<p><strong>Conseils d'utilisations<\/strong>:<\/p>\n<p>\u00c0 appliquer selon votre convenance.<\/p>\n<p><strong>Avertissements<\/strong>:<\/p>\n<p>Pour usage externe uniquement. Si le produit entre en contact avec les yeux, rincer abondamment \u00e0 l\u2019eau.<\/p>\n<p><\/p>\t\t\t\t\t\t<\/div>\n\t\t\t\t<\/div>\n\t\t\t\t\t<\/div>\n\t\t<\/div>\n\t\t\t\t\t\t\t<\/div>\n\t\t<\/section>\n\t\t\t\t\t\t\t<\/div>","protected":false},"excerpt":{"rendered":"<p>La lotion corporelle illuminatrice de \u2018\u2019Radiant skin\u2019\u2019 est id\u00e9ale pour prendre soin de votre peau, et la prot\u00e9ger contre les agressions au quotidien. Cette lotion corporelle sera votre meilleure alli\u00e9e.\nNotre formule exclusive contenant \u2018\u2019le Radiant Skin Complex\u2019\u2019 favorise un teint radieux, une mine \u00e9clatante, et unifie le teint.<\/p>","protected":false},"featured_media":342,"comment_status":"open","ping_status":"closed","template":"","meta":[],"product_brand":[],"product_cat":[29,20],"product_tag":[31,30],"class_list":{"0":"post-105","1":"product","2":"type-product","3":"status-publish","4":"has-post-thumbnail","6":"product_cat-cosmepharm-special","7":"product_cat-lotion","8":"product_tag-body","9":"product_tag-lotion","11":"first","12":"instock","13":"taxable","14":"shipping-taxable","15":"purchasable","16":"product-type-simple"},"_links":{"self":[{"href":"https:\/\/cosmepharm.ca\/fr\/wp-json\/wp\/v2\/product\/105","targetHints":{"allow":["GET"]}}],"collection":[{"href":"https:\/\/cosmepharm.ca\/fr\/wp-json\/wp\/v2\/product"}],"about":[{"href":"https:\/\/cosmepharm.ca\/fr\/wp-json\/wp\/v2\/types\/product"}],"replies":[{"embeddable":true,"href":"https:\/\/cosmepharm.ca\/fr\/wp-json\/wp\/v2\/comments?post=105"}],"version-history":[{"count":1,"href":"https:\/\/cosmepharm.ca\/fr\/wp-json\/wp\/v2\/product\/105\/revisions"}],"predecessor-version":[{"id":1264,"href":"https:\/\/cosmepharm.ca\/fr\/wp-json\/wp\/v2\/product\/105\/revisions\/1264"}],"wp:featuredmedia":[{"embeddable":true,"href":"https:\/\/cosmepharm.ca\/fr\/wp-json\/wp\/v2\/media\/342"}],"wp:attachment":[{"href":"https:\/\/cosmepharm.ca\/fr\/wp-json\/wp\/v2\/media?parent=105"}],"wp:term":[{"taxonomy":"product_brand","embeddable":true,"href":"https:\/\/cosmepharm.ca\/fr\/wp-json\/wp\/v2\/product_brand?post=105"},{"taxonomy":"product_cat","embeddable":true,"href":"https:\/\/cosmepharm.ca\/fr\/wp-json\/wp\/v2\/product_cat?post=105"},{"taxonomy":"product_tag","embeddable":true,"href":"https:\/\/cosmepharm.ca\/fr\/wp-json\/wp\/v2\/product_tag?post=105"}],"curies":[{"name":"wp","href":"https:\/\/api.w.org\/{rel}","templated":true}]}}