{"id":108,"date":"2023-01-14T09:34:33","date_gmt":"2023-01-14T09:34:33","guid":{"rendered":"https:\/\/cosmepharm.ca\/?post_type=product&#038;p=108"},"modified":"2024-03-26T14:41:18","modified_gmt":"2024-03-26T18:41:18","slug":"face-cream","status":"publish","type":"product","link":"https:\/\/cosmepharm.ca\/fr\/produit\/face-cream\/","title":{"rendered":"Creme Illuminatrice Visage"},"content":{"rendered":"<div data-elementor-type=\"product-post\" data-elementor-id=\"108\" class=\"elementor elementor-108\">\n\t\t\t\t\t\t\t\t\t<section class=\"elementor-section elementor-top-section elementor-element elementor-element-410770a0 elementor-section-boxed elementor-section-height-default elementor-section-height-default\" data-id=\"410770a0\" data-element_type=\"section\">\n\t\t\t\t\t\t<div class=\"elementor-container elementor-column-gap-default\">\n\t\t\t\t\t<div class=\"elementor-column elementor-col-100 elementor-top-column elementor-element elementor-element-4ada1f3c\" data-id=\"4ada1f3c\" data-element_type=\"column\">\n\t\t\t<div class=\"elementor-widget-wrap elementor-element-populated\">\n\t\t\t\t\t\t\t\t<div class=\"elementor-element elementor-element-1908ceb8 elementor-widget elementor-widget-text-editor\" data-id=\"1908ceb8\" data-element_type=\"widget\" data-widget_type=\"text-editor.default\">\n\t\t\t\t<div class=\"elementor-widget-container\">\n\t\t\t<style>\/*! elementor - v3.11.5 - 14-03-2023 *\/\n.elementor-widget-text-editor.elementor-drop-cap-view-stacked .elementor-drop-cap{background-color:#818a91;color:#fff}.elementor-widget-text-editor.elementor-drop-cap-view-framed .elementor-drop-cap{color:#818a91;border:3px solid;background-color:transparent}.elementor-widget-text-editor:not(.elementor-drop-cap-view-default) .elementor-drop-cap{margin-top:8px}.elementor-widget-text-editor:not(.elementor-drop-cap-view-default) .elementor-drop-cap-letter{width:1em;height:1em}.elementor-widget-text-editor .elementor-drop-cap{float:left;text-align:center;line-height:1;font-size:50px}.elementor-widget-text-editor .elementor-drop-cap-letter{display:inline-block}<\/style>\t\t\t\t<p>\u2018\u2019Radiant Skin\u2019\u2019 de Cosm\u00e9pharm reconnait les contraintes environnementales que le visage peut subir. Une formule unique qui illumine le teint, prot\u00e8ge et hydrate la peau a \u00e9t\u00e9 d\u00e9velopp\u00e9e en r\u00e9ponse \u00e0 ces stress. Le teint est uniforme et nivel\u00e9.<\/p><p>Notre formule exclusive contenant \u2018\u2019le Radiant Skin Complex\u2019\u2019 favorise un teint radieux, une mine \u00e9clatante, et unifie le teint.<\/p><p>Le beurre de karit\u00e9 et le sodium hyaluronate am\u00e9liorent l\u2019hydratation de la peau, soulagent et adoucissent la peau s\u00e8che, pr\u00e9viennent des dommages qui peuvent \u00eatre caus\u00e9s par la s\u00e9cheresse cutan\u00e9e, et fournissent une couche protectrice sur la peau.<\/p>\n<p><strong>Ingr\u00e9dients<\/strong>:<\/p>\n<p>Aqua(Water)(eau), Cetearyl Alcohol, Cetearyl Glucoside, Caprylic\/Capric Triglyceride, Butyrospermum Parkii (Shea) Butter, Glycerin, Coco-Caprylate\/Caprate, Glyceryl Stearate, PEG-100 Stearate, Petrolatum, Isopropyl Palmitate, Kojic dipalmitate, Theobroma Cacao (Cocoa) Seed Butter, Diisopropyl Adipate, Dimethicone, Sodium Hyaluronate, Avena Sativa Kernel Flour, Tocopherol, Glycine soja (Soybean) Oil, Methyl Undecenoyl leucinate, Magnesium Aluminum Silicate, Disodium EDTA, Benzyl Alcohol, Ethylhexylglycerin, Parfum\/Fragrance, Sodium Hydroxide.<\/p>\n<ul>\n<li>Sans parab\u00e8nes<\/li>\n<li>Sans huile min\u00e9rale<\/li>\n<li>Pas de colorants artificiels<\/li>\n<\/ul>\n<p>&nbsp;<\/p>\n<p><strong>Conseils d'utilisations<\/strong>:<\/p>\n<p>Appliquer matin et soir sur un visage parfaitement nettoy\u00e9. Appliquer une petite quantit\u00e9 de cr\u00e8me sur la main, l\u2019\u00e9tendre et la masser doucement sur le visage. Pour de meilleurs r\u00e9sultats, utilisez conjointement notre s\u00e9rum r\u00e9parateur de \u2018\u2019Radiant Skin\u2019\u2019.<\/p>\n<p><strong>Avertissements<\/strong>:<\/p>\n<p>Pour usage externe uniquement. Si le produit entre en contact avec les yeux, rincer abondamment \u00e0 l\u2019eau.<\/p>\t\t\t\t\t\t<\/div>\n\t\t\t\t<\/div>\n\t\t\t\t\t<\/div>\n\t\t<\/div>\n\t\t\t\t\t\t\t<\/div>\n\t\t<\/section>\n\t\t\t\t\t\t\t<\/div>","protected":false},"excerpt":{"rendered":"<p>\u2018\u2019Radiant Skin\u2019\u2019 de Cosm\u00e9pharm reconnait les contraintes environnementales que le visage peut subir. Une formule unique qui illumine le teint, prot\u00e8ge et hydrate la peau a \u00e9t\u00e9 d\u00e9velopp\u00e9e en r\u00e9ponse \u00e0 ces stress. Le teint est uniforme et nivel\u00e9.<\/p>","protected":false},"featured_media":343,"comment_status":"open","ping_status":"closed","template":"","meta":[],"product_brand":[],"product_cat":[29,21],"product_tag":[32,33],"class_list":{"0":"post-108","1":"product","2":"type-product","3":"status-publish","4":"has-post-thumbnail","6":"product_cat-cosmepharm-special","7":"product_cat-cream","8":"product_tag-cream","9":"product_tag-face","11":"first","12":"instock","13":"taxable","14":"shipping-taxable","15":"purchasable","16":"product-type-simple"},"_links":{"self":[{"href":"https:\/\/cosmepharm.ca\/fr\/wp-json\/wp\/v2\/product\/108","targetHints":{"allow":["GET"]}}],"collection":[{"href":"https:\/\/cosmepharm.ca\/fr\/wp-json\/wp\/v2\/product"}],"about":[{"href":"https:\/\/cosmepharm.ca\/fr\/wp-json\/wp\/v2\/types\/product"}],"replies":[{"embeddable":true,"href":"https:\/\/cosmepharm.ca\/fr\/wp-json\/wp\/v2\/comments?post=108"}],"version-history":[{"count":2,"href":"https:\/\/cosmepharm.ca\/fr\/wp-json\/wp\/v2\/product\/108\/revisions"}],"predecessor-version":[{"id":1309,"href":"https:\/\/cosmepharm.ca\/fr\/wp-json\/wp\/v2\/product\/108\/revisions\/1309"}],"wp:featuredmedia":[{"embeddable":true,"href":"https:\/\/cosmepharm.ca\/fr\/wp-json\/wp\/v2\/media\/343"}],"wp:attachment":[{"href":"https:\/\/cosmepharm.ca\/fr\/wp-json\/wp\/v2\/media?parent=108"}],"wp:term":[{"taxonomy":"product_brand","embeddable":true,"href":"https:\/\/cosmepharm.ca\/fr\/wp-json\/wp\/v2\/product_brand?post=108"},{"taxonomy":"product_cat","embeddable":true,"href":"https:\/\/cosmepharm.ca\/fr\/wp-json\/wp\/v2\/product_cat?post=108"},{"taxonomy":"product_tag","embeddable":true,"href":"https:\/\/cosmepharm.ca\/fr\/wp-json\/wp\/v2\/product_tag?post=108"}],"curies":[{"name":"wp","href":"https:\/\/api.w.org\/{rel}","templated":true}]}}